{"id":210,"date":"2022-08-09T15:53:28","date_gmt":"2022-08-09T19:53:28","guid":{"rendered":"https:\/\/renovasmiles.wpengine.com\/?page_id=210"},"modified":"2025-11-17T13:45:09","modified_gmt":"2025-11-17T18:45:09","slug":"new-patients","status":"publish","type":"page","link":"https:\/\/renovasmiles.com\/es\/new-patients\/","title":{"rendered":"Nuevos pacientes"},"content":{"rendered":"<div class=\"fusion-fullwidth fullwidth-box fusion-builder-row-1 fusion-flex-container has-pattern-background has-mask-background nonhundred-percent-fullwidth non-hundred-percent-height-scrolling\" style=\"--awb-border-radius-top-left:0px;--awb-border-radius-top-right:0px;--awb-border-radius-bottom-right:0px;--awb-border-radius-bottom-left:0px;--awb-flex-wrap:wrap;\" ><div class=\"fusion-builder-row fusion-row fusion-flex-align-items-center fusion-flex-content-wrap\" style=\"max-width:1643.2px;margin-left: calc(-4% \/ 2 );margin-right: calc(-4% \/ 2 );\"><div class=\"fusion-layout-column fusion_builder_column fusion-builder-column-0 fusion_builder_column_1_2 1_2 fusion-flex-column\" style=\"--awb-bg-size:cover;--awb-width-large:50%;--awb-margin-top-large:0px;--awb-spacing-right-large:3.84%;--awb-margin-bottom-large:0px;--awb-spacing-left-large:3.84%;--awb-width-medium:50%;--awb-order-medium:0;--awb-spacing-right-medium:3.84%;--awb-spacing-left-medium:3.84%;--awb-width-small:100%;--awb-order-small:0;--awb-spacing-right-small:1.92%;--awb-spacing-left-small:1.92%;\"><div class=\"fusion-column-wrapper fusion-column-has-shadow fusion-flex-justify-content-flex-start fusion-content-layout-column\"><div class=\"fusion-title title fusion-title-1 fusion-sep-none fusion-title-text fusion-title-size-three\" style=\"--awb-margin-top-small:0px;--awb-margin-right-small:0px;--awb-margin-bottom-small:20px;--awb-margin-left-small:0px;\"><h3 class=\"fusion-title-heading title-heading-left\" style=\"margin:0;\">Pasos<\/h3><\/div><ul style=\"--awb-size:27px;--awb-iconcolor:var(--awb-color4);--awb-textcolor:var(--awb-color7);--awb-line-height:45.9px;--awb-icon-width:45.9px;--awb-icon-height:45.9px;--awb-icon-margin:18.9px;--awb-content-margin:64.8px;\" class=\"fusion-checklist fusion-checklist-1 fusion-checklist-default type-icons\"><li class=\"fusion-li-item\" style=\"\"><span class=\"icon-wrapper circle-no\"><i class=\"fusion-li-icon fa-check fas\" aria-hidden=\"true\"><\/i><\/span><div class=\"fusion-li-item-content\">Please, print New Patient Form<br \/>\n<a href=\"https:\/\/renovasmiles.com\/wp-content\/uploads\/2025\/01\/Paperwork-English.pdf\" target=\"_blank\" rel=\"noopener\">New Patient Form (EN)<\/a><br \/>\n<a href=\"https:\/\/renovasmiles.com\/wp-content\/uploads\/2025\/01\/Paperwork-Spanish.pdf\">New Patient Form (ES)<\/a><\/div><\/li><li class=\"fusion-li-item\" style=\"\"><span class=\"icon-wrapper circle-no\"><i class=\"fusion-li-icon fa-check fas\" aria-hidden=\"true\"><\/i><\/span><div class=\"fusion-li-item-content\">Rellena los formularios con tus datos personales.<\/div><\/li><li class=\"fusion-li-item\" style=\"\"><span class=\"icon-wrapper circle-no\"><i class=\"fusion-li-icon fa-check fas\" aria-hidden=\"true\"><\/i><\/span><div class=\"fusion-li-item-content\">Ll\u00e9valos contigo el d\u00eda de tu primera visita.<\/div><\/li><\/ul><\/div><\/div><div class=\"fusion-layout-column fusion_builder_column fusion-builder-column-1 fusion_builder_column_1_2 1_2 fusion-flex-column\" style=\"--awb-bg-size:cover;--awb-width-large:50%;--awb-margin-top-large:0px;--awb-spacing-right-large:3.84%;--awb-margin-bottom-large:0px;--awb-spacing-left-large:3.84%;--awb-width-medium:50%;--awb-order-medium:0;--awb-spacing-right-medium:3.84%;--awb-spacing-left-medium:3.84%;--awb-width-small:100%;--awb-order-small:0;--awb-margin-top-small:40px;--awb-spacing-right-small:1.92%;--awb-spacing-left-small:1.92%;\"><div class=\"fusion-column-wrapper fusion-column-has-shadow fusion-flex-justify-content-flex-start fusion-content-layout-column\"><div class=\"fusion-image-element\" style=\"--awb-aspect-ratio:3 \/ 2;--awb-caption-title-font-family:var(--h2_typography-font-family);--awb-caption-title-font-weight:var(--h2_typography-font-weight);--awb-caption-title-font-style:var(--h2_typography-font-style);--awb-caption-title-size:var(--h2_typography-font-size);--awb-caption-title-transform:var(--h2_typography-text-transform);--awb-caption-title-line-height:var(--h2_typography-line-height);--awb-caption-title-letter-spacing:var(--h2_typography-letter-spacing);\"><span class=\"fusion-imageframe imageframe-none imageframe-1 hover-type-none has-aspect-ratio\"><img decoding=\"async\" width=\"1920\" height=\"1277\" title=\"Hand of man signing signature filling in application form document\" src=\"https:\/\/renovasmiles.com\/wp-content\/uploads\/2023\/12\/AdobeStock_318553827.jpeg\" class=\"img-responsive wp-image-3459 img-with-aspect-ratio\" data-parent-fit=\"cover\" data-parent-container=\".fusion-image-element\" alt srcset=\"https:\/\/renovasmiles.com\/wp-content\/uploads\/2023\/12\/AdobeStock_318553827-200x133.jpeg 200w, https:\/\/renovasmiles.com\/wp-content\/uploads\/2023\/12\/AdobeStock_318553827-400x266.jpeg 400w, https:\/\/renovasmiles.com\/wp-content\/uploads\/2023\/12\/AdobeStock_318553827-600x399.jpeg 600w, https:\/\/renovasmiles.com\/wp-content\/uploads\/2023\/12\/AdobeStock_318553827-800x532.jpeg 800w, https:\/\/renovasmiles.com\/wp-content\/uploads\/2023\/12\/AdobeStock_318553827-1200x798.jpeg 1200w, https:\/\/renovasmiles.com\/wp-content\/uploads\/2023\/12\/AdobeStock_318553827.jpeg 1920w\" sizes=\"(max-width: 1024px) 100vw, 800px\" \/><\/span><\/div><\/div><\/div><div class=\"fusion-layout-column fusion_builder_column fusion-builder-column-2 fusion_builder_column_1_1 1_1 fusion-flex-column\" style=\"--awb-bg-size:cover;--awb-width-large:100%;--awb-margin-top-large:60px;--awb-spacing-right-large:1.92%;--awb-margin-bottom-large:0px;--awb-spacing-left-large:1.92%;--awb-width-medium:100%;--awb-order-medium:0;--awb-spacing-right-medium:1.92%;--awb-spacing-left-medium:1.92%;--awb-width-small:100%;--awb-order-small:0;--awb-margin-top-small:40px;--awb-spacing-right-small:1.92%;--awb-spacing-left-small:1.92%;\"><div class=\"fusion-column-wrapper fusion-column-has-shadow fusion-flex-justify-content-flex-start fusion-content-layout-column\"><div class=\"fusion-menu-anchor\" id=\"financeoptions\"><\/div><div class=\"fusion-text fusion-text-1\"><h3>Opciones de financiaci\u00f3n<\/h3>\n<p>Aceptamos la mayor\u00eda de los planes de seguro PPO, haremos todo lo posible para garantizar que sus beneficios se utilicen de la mejor manera posible. Para facilitarle la vida, aceptamos planes de muchas compa\u00f1\u00edas de seguros diferentes. Como cortes\u00eda, nuestro personal procesar\u00e1 los reclamos de seguro de manera r\u00e1pida y eficiente y verificar\u00e1 sus beneficios por usted. Si esta es su primera visita, traiga la informaci\u00f3n necesaria del seguro con usted. Participamos en algunos planes de Organizaciones de Gesti\u00f3n de la Salud (HMO). No dude en contactarnos para conocer los planes con los que trabajamos.<\/p>\n<h3>Arreglos de pago<\/h3>\n<p>Aceptamos cheques, efectivo o tarjetas de cr\u00e9dito. Nosotros tambi\u00e9n ofrecemos un plan de pago flexible. Consulte a nuestro Coordinador financiero para obtener m\u00e1s detalles.<\/p>\n<h3>Opciones de financiaci\u00f3n<\/h3>\n<\/div><\/div><\/div><div class=\"fusion-layout-column fusion_builder_column fusion-builder-column-3 fusion_builder_column_2_3 2_3 fusion-flex-column fusion-flex-align-self-flex-start\" style=\"--awb-bg-size:cover;--awb-width-large:66.6666666667%;--awb-margin-top-large:0px;--awb-spacing-right-large:2.88%;--awb-margin-bottom-large:0px;--awb-spacing-left-large:2.88%;--awb-width-medium:66.6666666667%;--awb-order-medium:0;--awb-spacing-right-medium:2.88%;--awb-spacing-left-medium:2.88%;--awb-width-small:100%;--awb-order-small:0;--awb-spacing-right-small:1.92%;--awb-spacing-left-small:1.92%;\"><div class=\"fusion-column-wrapper fusion-column-has-shadow fusion-flex-justify-content-flex-start fusion-content-layout-column\"><div class=\"fusion-text fusion-text-2\"><p>Nuestra pr\u00e1ctica acepta la mayor\u00eda de las principales tarjetas de cr\u00e9dito y planes de seguro, adem\u00e1s ofrecemos opciones asequibles de financiaci\u00f3n de terceros a trav\u00e9s de CareCredit y LendingPoint. Con la financiaci\u00f3n de terceros, puede:<\/p>\n<ul>\n<li>Inicie el tratamiento de inmediato.<\/li>\n<li>Disfrute de pagos mensuales bajos.<\/li>\n<li>Financia hasta el 100 por ciento del costo del tratamiento.<\/li>\n<li>Elige entre varias opciones de pago.<\/li>\n<li>No pague costos por adelantado.<\/li>\n<li>No pague cuotas anuales.<\/li>\n<\/ul>\n<\/div><\/div><\/div><div class=\"fusion-layout-column fusion_builder_column fusion-builder-column-4 fusion_builder_column_1_3 1_3 fusion-flex-column\" style=\"--awb-bg-size:cover;--awb-width-large:33.3333333333%;--awb-margin-top-large:0px;--awb-spacing-right-large:5.76%;--awb-margin-bottom-large:0px;--awb-spacing-left-large:5.76%;--awb-width-medium:33.3333333333%;--awb-order-medium:0;--awb-spacing-right-medium:5.76%;--awb-spacing-left-medium:5.76%;--awb-width-small:100%;--awb-order-small:0;--awb-spacing-right-small:1.92%;--awb-spacing-left-small:1.92%;\"><div class=\"fusion-column-wrapper fusion-column-has-shadow fusion-flex-justify-content-flex-start fusion-content-layout-column\"><div class=\"fusion-image-element\" style=\"text-align:center;--awb-margin-bottom:40px;--awb-caption-title-font-family:var(--h2_typography-font-family);--awb-caption-title-font-weight:var(--h2_typography-font-weight);--awb-caption-title-font-style:var(--h2_typography-font-style);--awb-caption-title-size:var(--h2_typography-font-size);--awb-caption-title-transform:var(--h2_typography-text-transform);--awb-caption-title-line-height:var(--h2_typography-line-height);--awb-caption-title-letter-spacing:var(--h2_typography-letter-spacing);\"><span class=\"fusion-imageframe imageframe-none imageframe-2 hover-type-none\" style=\"border:1px solid var(--awb-color4);\"><a class=\"fusion-no-lightbox\" href=\"https:\/\/www.carecredit.com\/\" target=\"_blank\" aria-label=\"CareCredit0000\" rel=\"noopener noreferrer\"><img decoding=\"async\" width=\"300\" height=\"200\" src=\"https:\/\/renovasmiles.wpengine.com\/wp-content\/uploads\/2022\/08\/CareCredit0000.webp\" alt class=\"img-responsive wp-image-2692\" srcset=\"https:\/\/renovasmiles.com\/wp-content\/uploads\/2022\/08\/CareCredit0000-200x133.webp 200w, https:\/\/renovasmiles.com\/wp-content\/uploads\/2022\/08\/CareCredit0000.webp 300w\" sizes=\"(max-width: 1024px) 100vw, 300px\" \/><\/a><\/span><\/div><div class=\"fusion-image-element\" style=\"text-align:center;--awb-margin-bottom:40px;--awb-caption-title-font-family:var(--h2_typography-font-family);--awb-caption-title-font-weight:var(--h2_typography-font-weight);--awb-caption-title-font-style:var(--h2_typography-font-style);--awb-caption-title-size:var(--h2_typography-font-size);--awb-caption-title-transform:var(--h2_typography-text-transform);--awb-caption-title-line-height:var(--h2_typography-line-height);--awb-caption-title-letter-spacing:var(--h2_typography-letter-spacing);\"><span class=\"fusion-imageframe imageframe-none imageframe-3 hover-type-none\" style=\"border:1px solid var(--awb-color4);\"><a class=\"fusion-no-lightbox\" href=\"https:\/\/sunbit.com\/\" target=\"_blank\" aria-label=\"mordida\" rel=\"noopener noreferrer\"><img decoding=\"async\" width=\"300\" height=\"200\" src=\"https:\/\/renovasmiles.wpengine.com\/wp-content\/uploads\/2022\/10\/sunbit.jpg\" alt class=\"img-responsive wp-image-2798\" srcset=\"https:\/\/renovasmiles.com\/wp-content\/uploads\/2022\/10\/sunbit-200x133.jpg 200w, https:\/\/renovasmiles.com\/wp-content\/uploads\/2022\/10\/sunbit.jpg 300w\" sizes=\"(max-width: 1024px) 100vw, 300px\" \/><\/a><\/span><\/div><div class=\"fusion-image-element\" style=\"text-align:center;--awb-caption-title-font-family:var(--h2_typography-font-family);--awb-caption-title-font-weight:var(--h2_typography-font-weight);--awb-caption-title-font-style:var(--h2_typography-font-style);--awb-caption-title-size:var(--h2_typography-font-size);--awb-caption-title-transform:var(--h2_typography-text-transform);--awb-caption-title-line-height:var(--h2_typography-line-height);--awb-caption-title-letter-spacing:var(--h2_typography-letter-spacing);\"><span class=\"fusion-imageframe imageframe-none imageframe-4 hover-type-none\" style=\"border:1px solid var(--awb-color4);\"><a class=\"fusion-no-lightbox\" href=\"https:\/\/sunbit.com\/\" target=\"_blank\" aria-label=\"hfd\" rel=\"noopener noreferrer\"><img decoding=\"async\" width=\"300\" height=\"200\" alt=\"hfd\" src=\"https:\/\/renovasmiles.com\/wp-content\/uploads\/2025\/11\/97e0141970eadaf6552aef1debe3a5c9.webp.png\" class=\"img-responsive wp-image-4261\" srcset=\"https:\/\/renovasmiles.com\/wp-content\/uploads\/2025\/11\/97e0141970eadaf6552aef1debe3a5c9.webp-200x133.png 200w, https:\/\/renovasmiles.com\/wp-content\/uploads\/2025\/11\/97e0141970eadaf6552aef1debe3a5c9.webp.png 300w\" sizes=\"(max-width: 1024px) 100vw, 300px\" \/><\/a><\/span><\/div><\/div><\/div><\/div><\/div>","protected":false},"excerpt":{"rendered":"","protected":false},"author":1,"featured_media":3416,"parent":0,"menu_order":0,"comment_status":"closed","ping_status":"closed","template":"100-width.php","meta":{"_acf_changed":false,"_monsterinsights_skip_tracking":false,"_monsterinsights_sitenote_active":false,"_monsterinsights_sitenote_note":"","_monsterinsights_sitenote_category":0,"_mbp_gutenberg_autopost":false,"footnotes":""},"class_list":["post-210","page","type-page","status-publish","has-post-thumbnail","hentry"],"acf":[],"yoast_head":"<!-- This site is optimized with the Yoast SEO plugin v27.5 - https:\/\/yoast.com\/product\/yoast-seo-wordpress\/ -->\n<title>New Patients | Renova Smiles<\/title>\n<meta name=\"robots\" content=\"index, follow, max-snippet:-1, max-image-preview:large, max-video-preview:-1\" \/>\n<link rel=\"canonical\" href=\"https:\/\/renovasmiles.com\/es\/new-patients\/\" \/>\n<meta property=\"og:locale\" content=\"es_ES\" \/>\n<meta property=\"og:type\" content=\"article\" \/>\n<meta property=\"og:title\" content=\"New Patients | Renova Smiles\" \/>\n<meta property=\"og:url\" content=\"https:\/\/renovasmiles.com\/es\/new-patients\/\" \/>\n<meta property=\"og:site_name\" content=\"Renova Smiles\" \/>\n<meta property=\"article:modified_time\" content=\"2025-11-17T18:45:09+00:00\" \/>\n<meta property=\"og:image\" content=\"https:\/\/renovasmiles.com\/wp-content\/uploads\/2023\/12\/DSC06474.jpg\" \/>\n\t<meta property=\"og:image:width\" content=\"1920\" \/>\n\t<meta property=\"og:image:height\" content=\"1282\" \/>\n\t<meta property=\"og:image:type\" content=\"image\/jpeg\" \/>\n<meta name=\"twitter:card\" content=\"summary_large_image\" \/>\n<meta name=\"twitter:label1\" content=\"Tiempo de lectura\" \/>\n\t<meta name=\"twitter:data1\" content=\"2 minutos\" \/>\n<script type=\"application\/ld+json\" class=\"yoast-schema-graph\">{\"@context\":\"https:\\\/\\\/schema.org\",\"@graph\":[{\"@type\":\"WebPage\",\"@id\":\"https:\\\/\\\/renovasmiles.com\\\/new-patients\\\/\",\"url\":\"https:\\\/\\\/renovasmiles.com\\\/new-patients\\\/\",\"name\":\"New Patients | Renova Smiles\",\"isPartOf\":{\"@id\":\"https:\\\/\\\/renovasmiles.com\\\/#website\"},\"primaryImageOfPage\":{\"@id\":\"https:\\\/\\\/renovasmiles.com\\\/new-patients\\\/#primaryimage\"},\"image\":{\"@id\":\"https:\\\/\\\/renovasmiles.com\\\/new-patients\\\/#primaryimage\"},\"thumbnailUrl\":\"https:\\\/\\\/renovasmiles.com\\\/wp-content\\\/uploads\\\/2023\\\/12\\\/DSC06474.jpg\",\"datePublished\":\"2022-08-09T19:53:28+00:00\",\"dateModified\":\"2025-11-17T18:45:09+00:00\",\"breadcrumb\":{\"@id\":\"https:\\\/\\\/renovasmiles.com\\\/new-patients\\\/#breadcrumb\"},\"inLanguage\":\"es\",\"potentialAction\":[{\"@type\":\"ReadAction\",\"target\":[\"https:\\\/\\\/renovasmiles.com\\\/new-patients\\\/\"]}]},{\"@type\":\"ImageObject\",\"inLanguage\":\"es\",\"@id\":\"https:\\\/\\\/renovasmiles.com\\\/new-patients\\\/#primaryimage\",\"url\":\"https:\\\/\\\/renovasmiles.com\\\/wp-content\\\/uploads\\\/2023\\\/12\\\/DSC06474.jpg\",\"contentUrl\":\"https:\\\/\\\/renovasmiles.com\\\/wp-content\\\/uploads\\\/2023\\\/12\\\/DSC06474.jpg\",\"width\":1920,\"height\":1282},{\"@type\":\"BreadcrumbList\",\"@id\":\"https:\\\/\\\/renovasmiles.com\\\/new-patients\\\/#breadcrumb\",\"itemListElement\":[{\"@type\":\"ListItem\",\"position\":1,\"name\":\"Home\",\"item\":\"https:\\\/\\\/renovasmiles.com\\\/\"},{\"@type\":\"ListItem\",\"position\":2,\"name\":\"New Patients\"}]},{\"@type\":\"WebSite\",\"@id\":\"https:\\\/\\\/renovasmiles.com\\\/#website\",\"url\":\"https:\\\/\\\/renovasmiles.com\\\/\",\"name\":\"RenovaSmiles\",\"description\":\"Family &amp; Cosmetic Dentistry\",\"publisher\":{\"@id\":\"https:\\\/\\\/renovasmiles.com\\\/#organization\"},\"potentialAction\":[{\"@type\":\"SearchAction\",\"target\":{\"@type\":\"EntryPoint\",\"urlTemplate\":\"https:\\\/\\\/renovasmiles.com\\\/?s={search_term_string}\"},\"query-input\":{\"@type\":\"PropertyValueSpecification\",\"valueRequired\":true,\"valueName\":\"search_term_string\"}}],\"inLanguage\":\"es\"},{\"@type\":\"Organization\",\"@id\":\"https:\\\/\\\/renovasmiles.com\\\/#organization\",\"name\":\"RenovaSmiles\",\"url\":\"https:\\\/\\\/renovasmiles.com\\\/\",\"logo\":{\"@type\":\"ImageObject\",\"inLanguage\":\"es\",\"@id\":\"https:\\\/\\\/renovasmiles.com\\\/#\\\/schema\\\/logo\\\/image\\\/\",\"url\":\"https:\\\/\\\/renovasmiles.com\\\/wp-content\\\/uploads\\\/2022\\\/07\\\/Renova-Smile-Logo-Dark-V7-1-2.png\",\"contentUrl\":\"https:\\\/\\\/renovasmiles.com\\\/wp-content\\\/uploads\\\/2022\\\/07\\\/Renova-Smile-Logo-Dark-V7-1-2.png\",\"width\":2885,\"height\":1753,\"caption\":\"RenovaSmiles\"},\"image\":{\"@id\":\"https:\\\/\\\/renovasmiles.com\\\/#\\\/schema\\\/logo\\\/image\\\/\"}}]}<\/script>\n<!-- \/ Yoast SEO plugin. -->","yoast_head_json":{"title":"New Patients | Renova Smiles","robots":{"index":"index","follow":"follow","max-snippet":"max-snippet:-1","max-image-preview":"max-image-preview:large","max-video-preview":"max-video-preview:-1"},"canonical":"https:\/\/renovasmiles.com\/es\/new-patients\/","og_locale":"es_ES","og_type":"article","og_title":"New Patients | Renova Smiles","og_url":"https:\/\/renovasmiles.com\/es\/new-patients\/","og_site_name":"Renova Smiles","article_modified_time":"2025-11-17T18:45:09+00:00","og_image":[{"width":1920,"height":1282,"url":"https:\/\/renovasmiles.com\/wp-content\/uploads\/2023\/12\/DSC06474.jpg","type":"image\/jpeg"}],"twitter_card":"summary_large_image","twitter_misc":{"Tiempo de lectura":"2 minutos"},"schema":{"@context":"https:\/\/schema.org","@graph":[{"@type":"WebPage","@id":"https:\/\/renovasmiles.com\/new-patients\/","url":"https:\/\/renovasmiles.com\/new-patients\/","name":"New Patients | Renova Smiles","isPartOf":{"@id":"https:\/\/renovasmiles.com\/#website"},"primaryImageOfPage":{"@id":"https:\/\/renovasmiles.com\/new-patients\/#primaryimage"},"image":{"@id":"https:\/\/renovasmiles.com\/new-patients\/#primaryimage"},"thumbnailUrl":"https:\/\/renovasmiles.com\/wp-content\/uploads\/2023\/12\/DSC06474.jpg","datePublished":"2022-08-09T19:53:28+00:00","dateModified":"2025-11-17T18:45:09+00:00","breadcrumb":{"@id":"https:\/\/renovasmiles.com\/new-patients\/#breadcrumb"},"inLanguage":"es","potentialAction":[{"@type":"ReadAction","target":["https:\/\/renovasmiles.com\/new-patients\/"]}]},{"@type":"ImageObject","inLanguage":"es","@id":"https:\/\/renovasmiles.com\/new-patients\/#primaryimage","url":"https:\/\/renovasmiles.com\/wp-content\/uploads\/2023\/12\/DSC06474.jpg","contentUrl":"https:\/\/renovasmiles.com\/wp-content\/uploads\/2023\/12\/DSC06474.jpg","width":1920,"height":1282},{"@type":"BreadcrumbList","@id":"https:\/\/renovasmiles.com\/new-patients\/#breadcrumb","itemListElement":[{"@type":"ListItem","position":1,"name":"Home","item":"https:\/\/renovasmiles.com\/"},{"@type":"ListItem","position":2,"name":"New Patients"}]},{"@type":"WebSite","@id":"https:\/\/renovasmiles.com\/#website","url":"https:\/\/renovasmiles.com\/","name":"RenovaSmiles","description":"Family &amp; Cosmetic Dentistry","publisher":{"@id":"https:\/\/renovasmiles.com\/#organization"},"potentialAction":[{"@type":"SearchAction","target":{"@type":"EntryPoint","urlTemplate":"https:\/\/renovasmiles.com\/?s={search_term_string}"},"query-input":{"@type":"PropertyValueSpecification","valueRequired":true,"valueName":"search_term_string"}}],"inLanguage":"es"},{"@type":"Organization","@id":"https:\/\/renovasmiles.com\/#organization","name":"RenovaSmiles","url":"https:\/\/renovasmiles.com\/","logo":{"@type":"ImageObject","inLanguage":"es","@id":"https:\/\/renovasmiles.com\/#\/schema\/logo\/image\/","url":"https:\/\/renovasmiles.com\/wp-content\/uploads\/2022\/07\/Renova-Smile-Logo-Dark-V7-1-2.png","contentUrl":"https:\/\/renovasmiles.com\/wp-content\/uploads\/2022\/07\/Renova-Smile-Logo-Dark-V7-1-2.png","width":2885,"height":1753,"caption":"RenovaSmiles"},"image":{"@id":"https:\/\/renovasmiles.com\/#\/schema\/logo\/image\/"}}]}},"featured_image_src":"https:\/\/renovasmiles.com\/wp-content\/uploads\/2023\/12\/DSC06474-600x400.jpg","featured_image_src_square":"https:\/\/renovasmiles.com\/wp-content\/uploads\/2023\/12\/DSC06474-600x600.jpg","_links":{"self":[{"href":"https:\/\/renovasmiles.com\/es\/wp-json\/wp\/v2\/pages\/210","targetHints":{"allow":["GET"]}}],"collection":[{"href":"https:\/\/renovasmiles.com\/es\/wp-json\/wp\/v2\/pages"}],"about":[{"href":"https:\/\/renovasmiles.com\/es\/wp-json\/wp\/v2\/types\/page"}],"author":[{"embeddable":true,"href":"https:\/\/renovasmiles.com\/es\/wp-json\/wp\/v2\/users\/1"}],"replies":[{"embeddable":true,"href":"https:\/\/renovasmiles.com\/es\/wp-json\/wp\/v2\/comments?post=210"}],"version-history":[{"count":0,"href":"https:\/\/renovasmiles.com\/es\/wp-json\/wp\/v2\/pages\/210\/revisions"}],"wp:featuredmedia":[{"embeddable":true,"href":"https:\/\/renovasmiles.com\/es\/wp-json\/wp\/v2\/media\/3416"}],"wp:attachment":[{"href":"https:\/\/renovasmiles.com\/es\/wp-json\/wp\/v2\/media?parent=210"}],"curies":[{"name":"wp","href":"https:\/\/api.w.org\/{rel}","templated":true}]}}